{"id":1001,"date":"2020-09-09T13:30:51","date_gmt":"2020-09-09T11:30:51","guid":{"rendered":"https:\/\/www.kallysta.com\/store\/?post_type=product&#038;p=1001"},"modified":"2020-10-07T09:57:09","modified_gmt":"2020-10-07T07:57:09","slug":"repaper","status":"publish","type":"product","link":"https:\/\/www.kallysta.com\/store\/produit\/repaper\/","title":{"rendered":"Repaper"},"content":{"rendered":"<p>Zone active &amp; Format papier : A5 (210 x 148mm)<br \/>\n8192 niveaux de pression sur la surface active pour tous les outils compatibles Repaper Ring (taille S &amp; M)<\/p>\n<p>Contenu :<br \/>\n1 Repaper<br \/>\n1 Repaper Stylus<br \/>\n1 Crayon 9000 2B par Faber-Castell<br \/>\n1 Repaper Ring\u2122<br \/>\n2 Repaper clips<br \/>\n1 Micro USB cable<br \/>\n1 Repaper Sketchbook<\/p>\n","protected":false},"excerpt":{"rendered":"<p>Repaper est la seule tablette num\u00e9rique de dessin qui donne vie \u00e0 vos cr\u00e9ations papier-crayon.<br \/>\nPrenez votre crayon favori, glissez Repaper Ring\u2122, fixez une feuille de papier sur Repaper, et c&#8217;est parti.<br \/>\nUne \u00e9dition limit\u00e9e Faber-Castell.<\/p>\n","protected":false},"featured_media":1003,"template":"","meta":[],"yoast_head":"<!-- This site is optimized with the Yoast SEO plugin v15.9 - https:\/\/yoast.com\/wordpress\/plugins\/seo\/ -->\n<title>Repaper - Kallysta Store<\/title>\n<meta name=\"description\" content=\"Repaper est la seule tablette num\u00e9rique de dessin qui donne vie \u00e0 vos cr\u00e9ations papier-crayon.\" \/>\n<meta name=\"robots\" content=\"index, follow, max-snippet:-1, max-image-preview:large, max-video-preview:-1\" \/>\n<link rel=\"canonical\" href=\"https:\/\/www.kallysta.com\/store\/produit\/repaper\/\" \/>\n<meta property=\"og:locale\" content=\"fr_FR\" \/>\n<meta property=\"og:type\" content=\"article\" \/>\n<meta property=\"og:title\" content=\"Repaper - Kallysta Store\" \/>\n<meta property=\"og:description\" content=\"Repaper est la seule tablette num\u00e9rique de dessin qui donne vie \u00e0 vos cr\u00e9ations papier-crayon.\" \/>\n<meta property=\"og:url\" content=\"https:\/\/www.kallysta.com\/store\/produit\/repaper\/\" \/>\n<meta property=\"og:site_name\" content=\"Kallysta Store\" \/>\n<meta property=\"article:modified_time\" content=\"2020-10-07T07:57:09+00:00\" \/>\n<meta property=\"og:image\" content=\"https:\/\/www.kallysta.com\/store\/wp-content\/uploads\/2020\/09\/bundle-Repaper_1.jpg\" \/>\n\t<meta property=\"og:image:width\" content=\"1500\" \/>\n\t<meta property=\"og:image:height\" content=\"1500\" \/>\n<meta name=\"twitter:card\" content=\"summary_large_image\" \/>\n<script type=\"application\/ld+json\" class=\"yoast-schema-graph\">{\"@context\":\"https:\/\/schema.org\",\"@graph\":[{\"@type\":\"Organization\",\"@id\":\"https:\/\/www.kallysta.com\/store\/#organization\",\"name\":\"Kallysta Store\",\"url\":\"https:\/\/www.kallysta.com\/store\/\",\"sameAs\":[],\"logo\":{\"@type\":\"ImageObject\",\"@id\":\"https:\/\/www.kallysta.com\/store\/#logo\",\"inLanguage\":\"fr-FR\",\"url\":\"https:\/\/www.kallysta.com\/store\/wp-content\/uploads\/2020\/03\/KallystaStoreLogo.png\",\"width\":152,\"height\":70,\"caption\":\"Kallysta Store\"},\"image\":{\"@id\":\"https:\/\/www.kallysta.com\/store\/#logo\"}},{\"@type\":\"WebSite\",\"@id\":\"https:\/\/www.kallysta.com\/store\/#website\",\"url\":\"https:\/\/www.kallysta.com\/store\/\",\"name\":\"Kallysta Store\",\"description\":\"Educational Communications and Technology\",\"publisher\":{\"@id\":\"https:\/\/www.kallysta.com\/store\/#organization\"},\"potentialAction\":[{\"@type\":\"SearchAction\",\"target\":\"https:\/\/www.kallysta.com\/store\/?s={search_term_string}\",\"query-input\":\"required name=search_term_string\"}],\"inLanguage\":\"fr-FR\"},{\"@type\":\"ImageObject\",\"@id\":\"https:\/\/www.kallysta.com\/store\/produit\/repaper\/#primaryimage\",\"inLanguage\":\"fr-FR\",\"url\":\"https:\/\/www.kallysta.com\/store\/wp-content\/uploads\/2020\/09\/bundle-Repaper_1.jpg\",\"width\":1500,\"height\":1500},{\"@type\":\"WebPage\",\"@id\":\"https:\/\/www.kallysta.com\/store\/produit\/repaper\/#webpage\",\"url\":\"https:\/\/www.kallysta.com\/store\/produit\/repaper\/\",\"name\":\"Repaper - Kallysta Store\",\"isPartOf\":{\"@id\":\"https:\/\/www.kallysta.com\/store\/#website\"},\"primaryImageOfPage\":{\"@id\":\"https:\/\/www.kallysta.com\/store\/produit\/repaper\/#primaryimage\"},\"datePublished\":\"2020-09-09T11:30:51+00:00\",\"dateModified\":\"2020-10-07T07:57:09+00:00\",\"description\":\"Repaper est la seule tablette num\\u00e9rique de dessin qui donne vie \\u00e0 vos cr\\u00e9ations papier-crayon.\",\"breadcrumb\":{\"@id\":\"https:\/\/www.kallysta.com\/store\/produit\/repaper\/#breadcrumb\"},\"inLanguage\":\"fr-FR\",\"potentialAction\":[{\"@type\":\"ReadAction\",\"target\":[\"https:\/\/www.kallysta.com\/store\/produit\/repaper\/\"]}]},{\"@type\":\"BreadcrumbList\",\"@id\":\"https:\/\/www.kallysta.com\/store\/produit\/repaper\/#breadcrumb\",\"itemListElement\":[{\"@type\":\"ListItem\",\"position\":1,\"item\":{\"@type\":\"WebPage\",\"@id\":\"https:\/\/www.kallysta.com\/store\/\",\"url\":\"https:\/\/www.kallysta.com\/store\/\",\"name\":\"Accueil\"}},{\"@type\":\"ListItem\",\"position\":2,\"item\":{\"@type\":\"WebPage\",\"@id\":\"https:\/\/www.kallysta.com\/store\/store\/\",\"url\":\"https:\/\/www.kallysta.com\/store\/store\/\",\"name\":\"Store\"}},{\"@type\":\"ListItem\",\"position\":3,\"item\":{\"@type\":\"WebPage\",\"@id\":\"https:\/\/www.kallysta.com\/store\/produit\/repaper\/\",\"url\":\"https:\/\/www.kallysta.com\/store\/produit\/repaper\/\",\"name\":\"Repaper\"}}]}]}<\/script>\n<!-- \/ Yoast SEO plugin. -->","_links":{"self":[{"href":"https:\/\/www.kallysta.com\/store\/wp-json\/wp\/v2\/product\/1001"}],"collection":[{"href":"https:\/\/www.kallysta.com\/store\/wp-json\/wp\/v2\/product"}],"about":[{"href":"https:\/\/www.kallysta.com\/store\/wp-json\/wp\/v2\/types\/product"}],"wp:featuredmedia":[{"embeddable":true,"href":"https:\/\/www.kallysta.com\/store\/wp-json\/wp\/v2\/media\/1003"}],"wp:attachment":[{"href":"https:\/\/www.kallysta.com\/store\/wp-json\/wp\/v2\/media?parent=1001"}],"curies":[{"name":"wp","href":"https:\/\/api.w.org\/{rel}","templated":true}]}}