{"id":1049,"date":"2020-09-14T09:42:34","date_gmt":"2020-09-14T07:42:34","guid":{"rendered":"https:\/\/www.kallysta.com\/store\/?post_type=product&#038;p=1049"},"modified":"2020-09-24T16:28:13","modified_gmt":"2020-09-24T14:28:13","slug":"casque-mini-jack-kallysta","status":"publish","type":"product","link":"https:\/\/www.kallysta.com\/store\/produit\/casque-mini-jack-kallysta\/","title":{"rendered":"Casque mini-Jack Kallysta"},"content":{"rendered":"<p>Alimentation : par Mini-Jack<\/p>\n<p>Casque (Circum-oral)<br \/>\nR\u00e9ponse en Fr\u00e9quence : 20 &#8211; 27000 Hz \u2022 Imp\u00e9dance nominale : 35 \u03a9<br \/>\nPression moyenne du casque : ~ 6N<br \/>\nPoids sans c\u00e2ble : 270 g<br \/>\nRatio avant\/arri\u00e8re : 15 dB (DIN\/IEC)<\/p>\n<p>Microphone<br \/>\nMicro : Electret<br \/>\nCaract\u00e9ristique Directionnelle : Cardioid \u2022 R\u00e9ponse en Fr\u00e9quence : 40 &#8211; 18000 Hz \u2022 Imp\u00e9dance nominale : 1000 \u03a9<br \/>\nSensibilit\u00e9 : 16,25 mV\/Pa<\/p>\n<p>Compatibilit\u00e9<br \/>\nTablettes : Ipad et Andro\u00efd<br \/>\nT\u00e9l\u00e9phone : iPhone et HTC \u2022 Baladeurs : iPod<br \/>\nOrdinateurs : Mac ou PC<\/p>\n","protected":false},"excerpt":{"rendered":"<p>Le casque Kallysta offre une qualit\u00e9 audio exceptionnelle. Solide et durable, il convient aux environnements les plus difficiles et \u00e0 tout type d\u2019utilisateur.<br \/>\nCe casque est sp\u00e9cialement con\u00e7u pour les p\u00e9riph\u00e9ri- ques Apple de type iPhone, iPad, iPod mais \u00e9galement pour t\u00e9l\u00e9phones HTC et tablettes Andro\u00efd.<\/p>\n","protected":false},"featured_media":1051,"template":"","meta":[],"yoast_head":"<!-- This site is optimized with the Yoast SEO plugin v15.9 - https:\/\/yoast.com\/wordpress\/plugins\/seo\/ -->\n<title>Casque mini-Jack Kallysta - Kallysta Store<\/title>\n<meta name=\"robots\" content=\"index, follow, max-snippet:-1, max-image-preview:large, max-video-preview:-1\" \/>\n<link rel=\"canonical\" href=\"https:\/\/www.kallysta.com\/store\/produit\/casque-mini-jack-kallysta\/\" \/>\n<meta property=\"og:locale\" content=\"fr_FR\" \/>\n<meta property=\"og:type\" content=\"article\" \/>\n<meta property=\"og:title\" content=\"Casque mini-Jack Kallysta - Kallysta Store\" \/>\n<meta property=\"og:description\" content=\"Le casque Kallysta offre une qualit\u00e9 audio exceptionnelle. Solide et durable, il convient aux environnements les plus difficiles et \u00e0 tout type d\u2019utilisateur. Ce casque est sp\u00e9cialement con\u00e7u pour les p\u00e9riph\u00e9ri- ques Apple de type iPhone, iPad, iPod mais \u00e9galement pour t\u00e9l\u00e9phones HTC et tablettes Andro\u00efd.\" \/>\n<meta property=\"og:url\" content=\"https:\/\/www.kallysta.com\/store\/produit\/casque-mini-jack-kallysta\/\" \/>\n<meta property=\"og:site_name\" content=\"Kallysta Store\" \/>\n<meta property=\"article:modified_time\" content=\"2020-09-24T14:28:13+00:00\" \/>\n<meta property=\"og:image\" content=\"https:\/\/www.kallysta.com\/store\/wp-content\/uploads\/2020\/09\/CasqueJack2.jpg\" \/>\n\t<meta property=\"og:image:width\" content=\"972\" \/>\n\t<meta property=\"og:image:height\" content=\"1024\" \/>\n<meta name=\"twitter:card\" content=\"summary_large_image\" \/>\n<script type=\"application\/ld+json\" class=\"yoast-schema-graph\">{\"@context\":\"https:\/\/schema.org\",\"@graph\":[{\"@type\":\"Organization\",\"@id\":\"https:\/\/www.kallysta.com\/store\/#organization\",\"name\":\"Kallysta Store\",\"url\":\"https:\/\/www.kallysta.com\/store\/\",\"sameAs\":[],\"logo\":{\"@type\":\"ImageObject\",\"@id\":\"https:\/\/www.kallysta.com\/store\/#logo\",\"inLanguage\":\"fr-FR\",\"url\":\"https:\/\/www.kallysta.com\/store\/wp-content\/uploads\/2020\/03\/KallystaStoreLogo.png\",\"width\":152,\"height\":70,\"caption\":\"Kallysta Store\"},\"image\":{\"@id\":\"https:\/\/www.kallysta.com\/store\/#logo\"}},{\"@type\":\"WebSite\",\"@id\":\"https:\/\/www.kallysta.com\/store\/#website\",\"url\":\"https:\/\/www.kallysta.com\/store\/\",\"name\":\"Kallysta Store\",\"description\":\"Educational Communications and Technology\",\"publisher\":{\"@id\":\"https:\/\/www.kallysta.com\/store\/#organization\"},\"potentialAction\":[{\"@type\":\"SearchAction\",\"target\":\"https:\/\/www.kallysta.com\/store\/?s={search_term_string}\",\"query-input\":\"required name=search_term_string\"}],\"inLanguage\":\"fr-FR\"},{\"@type\":\"ImageObject\",\"@id\":\"https:\/\/www.kallysta.com\/store\/produit\/casque-mini-jack-kallysta\/#primaryimage\",\"inLanguage\":\"fr-FR\",\"url\":\"https:\/\/www.kallysta.com\/store\/wp-content\/uploads\/2020\/09\/CasqueJack2.jpg\",\"width\":972,\"height\":1024},{\"@type\":\"WebPage\",\"@id\":\"https:\/\/www.kallysta.com\/store\/produit\/casque-mini-jack-kallysta\/#webpage\",\"url\":\"https:\/\/www.kallysta.com\/store\/produit\/casque-mini-jack-kallysta\/\",\"name\":\"Casque mini-Jack Kallysta - Kallysta Store\",\"isPartOf\":{\"@id\":\"https:\/\/www.kallysta.com\/store\/#website\"},\"primaryImageOfPage\":{\"@id\":\"https:\/\/www.kallysta.com\/store\/produit\/casque-mini-jack-kallysta\/#primaryimage\"},\"datePublished\":\"2020-09-14T07:42:34+00:00\",\"dateModified\":\"2020-09-24T14:28:13+00:00\",\"breadcrumb\":{\"@id\":\"https:\/\/www.kallysta.com\/store\/produit\/casque-mini-jack-kallysta\/#breadcrumb\"},\"inLanguage\":\"fr-FR\",\"potentialAction\":[{\"@type\":\"ReadAction\",\"target\":[\"https:\/\/www.kallysta.com\/store\/produit\/casque-mini-jack-kallysta\/\"]}]},{\"@type\":\"BreadcrumbList\",\"@id\":\"https:\/\/www.kallysta.com\/store\/produit\/casque-mini-jack-kallysta\/#breadcrumb\",\"itemListElement\":[{\"@type\":\"ListItem\",\"position\":1,\"item\":{\"@type\":\"WebPage\",\"@id\":\"https:\/\/www.kallysta.com\/store\/\",\"url\":\"https:\/\/www.kallysta.com\/store\/\",\"name\":\"Accueil\"}},{\"@type\":\"ListItem\",\"position\":2,\"item\":{\"@type\":\"WebPage\",\"@id\":\"https:\/\/www.kallysta.com\/store\/store\/\",\"url\":\"https:\/\/www.kallysta.com\/store\/store\/\",\"name\":\"Store\"}},{\"@type\":\"ListItem\",\"position\":3,\"item\":{\"@type\":\"WebPage\",\"@id\":\"https:\/\/www.kallysta.com\/store\/produit\/casque-mini-jack-kallysta\/\",\"url\":\"https:\/\/www.kallysta.com\/store\/produit\/casque-mini-jack-kallysta\/\",\"name\":\"Casque mini-Jack Kallysta\"}}]}]}<\/script>\n<!-- \/ Yoast SEO plugin. -->","_links":{"self":[{"href":"https:\/\/www.kallysta.com\/store\/wp-json\/wp\/v2\/product\/1049"}],"collection":[{"href":"https:\/\/www.kallysta.com\/store\/wp-json\/wp\/v2\/product"}],"about":[{"href":"https:\/\/www.kallysta.com\/store\/wp-json\/wp\/v2\/types\/product"}],"wp:featuredmedia":[{"embeddable":true,"href":"https:\/\/www.kallysta.com\/store\/wp-json\/wp\/v2\/media\/1051"}],"wp:attachment":[{"href":"https:\/\/www.kallysta.com\/store\/wp-json\/wp\/v2\/media?parent=1049"}],"curies":[{"name":"wp","href":"https:\/\/api.w.org\/{rel}","templated":true}]}}