{"id":840,"date":"2020-03-19T09:56:48","date_gmt":"2020-03-19T08:56:48","guid":{"rendered":"https:\/\/www.kallysta.com\/store\/?post_type=product&#038;p=840"},"modified":"2020-09-23T15:03:01","modified_gmt":"2020-09-23T13:03:01","slug":"pi-top3","status":"publish","type":"product","link":"https:\/\/www.kallysta.com\/store\/produit\/pi-top3\/","title":{"rendered":"pi-top[3]"},"content":{"rendered":"<p>1 carte Raspberry Pi 3 Mod\u00e8le B+<br \/>\n1 chargeur secteur 18Vcc\/2,5 A avec prises EU<br \/>\n1 carte SD de 8 Go avec pi-top OS<br \/>\n1 guide de d\u00e9marrage et de montage (en anglais)<br \/>\n1 Kit de l\u2019inventeur<br \/>\n1 pi-top PROTO+<br \/>\n1 d\u00e9tecteur \u00e0 ultrasons HC-SR04<br \/>\n1 micro<br \/>\n1 buzzer<br \/>\n6 leds 10 mm (2 rouges, 2 vertes, 2 jaunes)<br \/>\n2 LDR<br \/>\n1 jeu de r\u00e9sistances<br \/>\n2 boutons-poussoirs<br \/>\n4 jeux de cordons M\/M, M\/F<\/p>\n","protected":false},"excerpt":{"rendered":"<p>pi-top est un ordinateur portable modulaire qui vous donne les outils n\u00e9cessaires pour r\u00e9aliser vos propres projets et donner vie \u00e0 vos inventions. C\u2019est l\u2019outil id\u00e9al pour vous aider \u00e0 apprendre \u00e0 coder, cr\u00e9er des dispositifs et faire progresser vos connaissances.<\/p>\n<p>Tous les nouveaux pi-top sont livr\u00e9s avec le &#8220;kit de l&#8217;inventeur!&#8221;<\/p>\n<p>Autonomie: 6 \u00e0 8 heures<br \/>\nAffichage: \u00e9cran 14 pouces<br \/>\nR\u00e9solution : 1920 x 1080 pixels<br \/>\nAngle de vision: 180\u00b0<br \/>\nClavier: QWERTY (par default)<br \/>\nPav\u00e9 tactile: 104 x 75 mm (souris avec clic droit et clic gauche)<br \/>\nBouton: on\/off<\/p>\n","protected":false},"featured_media":841,"template":"","meta":[],"yoast_head":"<!-- This site is optimized with the Yoast SEO plugin v15.9 - https:\/\/yoast.com\/wordpress\/plugins\/seo\/ -->\n<title>pi-top[3] - Kallysta Store<\/title>\n<meta name=\"robots\" content=\"index, follow, max-snippet:-1, max-image-preview:large, max-video-preview:-1\" \/>\n<link rel=\"canonical\" href=\"https:\/\/www.kallysta.com\/store\/produit\/pi-top3\/\" \/>\n<meta property=\"og:locale\" content=\"fr_FR\" \/>\n<meta property=\"og:type\" content=\"article\" \/>\n<meta property=\"og:title\" content=\"pi-top[3] - Kallysta Store\" \/>\n<meta property=\"og:description\" content=\"pi-top est un ordinateur portable modulaire qui vous donne les outils n\u00e9cessaires pour r\u00e9aliser vos propres projets et donner vie \u00e0 vos inventions. C\u2019est l\u2019outil id\u00e9al pour vous aider \u00e0 apprendre \u00e0 coder, cr\u00e9er des dispositifs et faire progresser vos connaissances.  Tous les nouveaux pi-top sont livr\u00e9s avec le &quot;kit de l&#039;inventeur!&quot;  Autonomie: 6 \u00e0 8 heures Affichage: \u00e9cran 14 pouces R\u00e9solution : 1920 x 1080 pixels Angle de vision: 180\u00b0 Clavier: QWERTY (par default) Pav\u00e9 tactile: 104 x 75 mm (souris avec clic droit et clic gauche) Bouton: on\/off\" \/>\n<meta property=\"og:url\" content=\"https:\/\/www.kallysta.com\/store\/produit\/pi-top3\/\" \/>\n<meta property=\"og:site_name\" content=\"Kallysta Store\" \/>\n<meta property=\"article:modified_time\" content=\"2020-09-23T13:03:01+00:00\" \/>\n<meta property=\"og:image\" content=\"https:\/\/www.kallysta.com\/store\/wp-content\/uploads\/2020\/03\/open-keyboard-top-new-pi-top_1024x1024@2x.jpg\" \/>\n\t<meta property=\"og:image:width\" content=\"1500\" \/>\n\t<meta property=\"og:image:height\" content=\"1167\" \/>\n<meta name=\"twitter:card\" content=\"summary_large_image\" \/>\n<script type=\"application\/ld+json\" class=\"yoast-schema-graph\">{\"@context\":\"https:\/\/schema.org\",\"@graph\":[{\"@type\":\"Organization\",\"@id\":\"https:\/\/www.kallysta.com\/store\/#organization\",\"name\":\"Kallysta Store\",\"url\":\"https:\/\/www.kallysta.com\/store\/\",\"sameAs\":[],\"logo\":{\"@type\":\"ImageObject\",\"@id\":\"https:\/\/www.kallysta.com\/store\/#logo\",\"inLanguage\":\"fr-FR\",\"url\":\"https:\/\/www.kallysta.com\/store\/wp-content\/uploads\/2020\/03\/KallystaStoreLogo.png\",\"width\":152,\"height\":70,\"caption\":\"Kallysta Store\"},\"image\":{\"@id\":\"https:\/\/www.kallysta.com\/store\/#logo\"}},{\"@type\":\"WebSite\",\"@id\":\"https:\/\/www.kallysta.com\/store\/#website\",\"url\":\"https:\/\/www.kallysta.com\/store\/\",\"name\":\"Kallysta Store\",\"description\":\"Educational Communications and Technology\",\"publisher\":{\"@id\":\"https:\/\/www.kallysta.com\/store\/#organization\"},\"potentialAction\":[{\"@type\":\"SearchAction\",\"target\":\"https:\/\/www.kallysta.com\/store\/?s={search_term_string}\",\"query-input\":\"required name=search_term_string\"}],\"inLanguage\":\"fr-FR\"},{\"@type\":\"ImageObject\",\"@id\":\"https:\/\/www.kallysta.com\/store\/produit\/pi-top3\/#primaryimage\",\"inLanguage\":\"fr-FR\",\"url\":\"https:\/\/www.kallysta.com\/store\/wp-content\/uploads\/2020\/03\/open-keyboard-top-new-pi-top_1024x1024@2x.jpg\",\"width\":1500,\"height\":1167},{\"@type\":\"WebPage\",\"@id\":\"https:\/\/www.kallysta.com\/store\/produit\/pi-top3\/#webpage\",\"url\":\"https:\/\/www.kallysta.com\/store\/produit\/pi-top3\/\",\"name\":\"pi-top[3] - Kallysta Store\",\"isPartOf\":{\"@id\":\"https:\/\/www.kallysta.com\/store\/#website\"},\"primaryImageOfPage\":{\"@id\":\"https:\/\/www.kallysta.com\/store\/produit\/pi-top3\/#primaryimage\"},\"datePublished\":\"2020-03-19T08:56:48+00:00\",\"dateModified\":\"2020-09-23T13:03:01+00:00\",\"breadcrumb\":{\"@id\":\"https:\/\/www.kallysta.com\/store\/produit\/pi-top3\/#breadcrumb\"},\"inLanguage\":\"fr-FR\",\"potentialAction\":[{\"@type\":\"ReadAction\",\"target\":[\"https:\/\/www.kallysta.com\/store\/produit\/pi-top3\/\"]}]},{\"@type\":\"BreadcrumbList\",\"@id\":\"https:\/\/www.kallysta.com\/store\/produit\/pi-top3\/#breadcrumb\",\"itemListElement\":[{\"@type\":\"ListItem\",\"position\":1,\"item\":{\"@type\":\"WebPage\",\"@id\":\"https:\/\/www.kallysta.com\/store\/\",\"url\":\"https:\/\/www.kallysta.com\/store\/\",\"name\":\"Accueil\"}},{\"@type\":\"ListItem\",\"position\":2,\"item\":{\"@type\":\"WebPage\",\"@id\":\"https:\/\/www.kallysta.com\/store\/store\/\",\"url\":\"https:\/\/www.kallysta.com\/store\/store\/\",\"name\":\"Store\"}},{\"@type\":\"ListItem\",\"position\":3,\"item\":{\"@type\":\"WebPage\",\"@id\":\"https:\/\/www.kallysta.com\/store\/produit\/pi-top3\/\",\"url\":\"https:\/\/www.kallysta.com\/store\/produit\/pi-top3\/\",\"name\":\"pi-top[3]\"}}]}]}<\/script>\n<!-- \/ Yoast SEO plugin. -->","_links":{"self":[{"href":"https:\/\/www.kallysta.com\/store\/wp-json\/wp\/v2\/product\/840"}],"collection":[{"href":"https:\/\/www.kallysta.com\/store\/wp-json\/wp\/v2\/product"}],"about":[{"href":"https:\/\/www.kallysta.com\/store\/wp-json\/wp\/v2\/types\/product"}],"wp:featuredmedia":[{"embeddable":true,"href":"https:\/\/www.kallysta.com\/store\/wp-json\/wp\/v2\/media\/841"}],"wp:attachment":[{"href":"https:\/\/www.kallysta.com\/store\/wp-json\/wp\/v2\/media?parent=840"}],"curies":[{"name":"wp","href":"https:\/\/api.w.org\/{rel}","templated":true}]}}